{"id":1946,"date":"2020-03-05T20:53:45","date_gmt":"2020-03-05T18:53:45","guid":{"rendered":"https:\/\/sevenrocks.gr\/home\/"},"modified":"2024-01-30T09:26:51","modified_gmt":"2024-01-30T07:26:51","slug":"home","status":"publish","type":"page","link":"https:\/\/sevenrocks.gr\/de\/","title":{"rendered":"STARTSEITE"},"content":{"rendered":"<p>Nehmen Sie sich eine Auszeit vom Alltag und entspannen Sie sich in einem ruhigeren Umfeld. Seven Rocks Suites ist ein brandneues, modernes und elegantes Hotel mit Zimmern und Suiten, die \u00fcber einen eigenen Pool oder Whirlpool, einen atemberaubenden Blick auf die Berge und das \u00c4g\u00e4ische Meer und die kleinen luxuri\u00f6sen Details verf\u00fcgen, die daf\u00fcr sorgen, dass Sie sich wie zu Hause f\u00fchlen.<\/p>\n","protected":false},"excerpt":{"rendered":"<p>Nehmen Sie sich eine Auszeit vom Alltag und entspannen Sie sich in einem ruhigeren Umfeld. Seven Rocks Suites ist ein brandneues, modernes und elegantes Hotel mit Zimmern und Suiten, die \u00fcber einen eigenen Pool oder Whirlpool, einen atemberaubenden Blick auf&hellip;<\/p>\n","protected":false},"author":1,"featured_media":0,"parent":0,"menu_order":13,"comment_status":"closed","ping_status":"closed","template":"kobo\/home.php","meta":{"_acf_changed":false,"footnotes":""},"acf":[],"aioseo_notices":[],"_links":{"self":[{"href":"https:\/\/sevenrocks.gr\/de\/wp-json\/wp\/v2\/pages\/1946"}],"collection":[{"href":"https:\/\/sevenrocks.gr\/de\/wp-json\/wp\/v2\/pages"}],"about":[{"href":"https:\/\/sevenrocks.gr\/de\/wp-json\/wp\/v2\/types\/page"}],"author":[{"embeddable":true,"href":"https:\/\/sevenrocks.gr\/de\/wp-json\/wp\/v2\/users\/1"}],"replies":[{"embeddable":true,"href":"https:\/\/sevenrocks.gr\/de\/wp-json\/wp\/v2\/comments?post=1946"}],"version-history":[{"count":2,"href":"https:\/\/sevenrocks.gr\/de\/wp-json\/wp\/v2\/pages\/1946\/revisions"}],"predecessor-version":[{"id":2730,"href":"https:\/\/sevenrocks.gr\/de\/wp-json\/wp\/v2\/pages\/1946\/revisions\/2730"}],"wp:attachment":[{"href":"https:\/\/sevenrocks.gr\/de\/wp-json\/wp\/v2\/media?parent=1946"}],"curies":[{"name":"wp","href":"https:\/\/api.w.org\/{rel}","templated":true}]}}