{"id":1939,"date":"2020-03-23T13:46:22","date_gmt":"2020-03-23T11:46:22","guid":{"rendered":"https:\/\/sevenrocks.gr\/location\/"},"modified":"2024-01-30T09:40:17","modified_gmt":"2024-01-30T07:40:17","slug":"location","status":"publish","type":"page","link":"https:\/\/sevenrocks.gr\/de\/location\/","title":{"rendered":"STANDORT"},"content":{"rendered":"<p><strong>ABSEITS DER AUSGETRETENEN PFADE<\/strong><\/p>\n<p>Kristallblaues Wasser, eine unber\u00fchrte K\u00fcste mit puderfeinem Sand, gesch\u00fctzte Buchten, malerische Siedlungen und imposante Berge pr\u00e4gen die Landschaft der Halkidiki.<\/p>\n<p>Mit ihrem kristallklaren blauen Wasser und dem weichen, feinen und wei\u00dfen Sand ist Halkidiki die bekannte dreifingrige Halbinsel im Norden Griechenlands, die sich vom Festland aus in die n\u00f6rdliche \u00c4g\u00e4is erstreckt und \u00fcber eine lange, unber\u00fchrte K\u00fcstenlinie verf\u00fcgt. Eine F\u00fclle charmanter D\u00f6rfer und Aktivit\u00e4ten vom Tauchen bis zu Jachtausfl\u00fcgen und eine reiche Landschaft mit Landschaften, arch\u00e4ologischen St\u00e4tten, zerkl\u00fcfteten Bergen und atemberaubenden Str\u00e4nden machen Halkidiki f\u00fcr jeden attraktiv.<\/p>\n<p>Eine faszinierende lokale Attraktion, die Sie unbedingt besuchen m\u00fcssen, ist das nat\u00fcrliche Thermalbad von Agia Paraskevi. Den Quellen wird eine einzigartige therapeutische Wirkung nachgesagt, da ihr Heilwasser nat\u00fcrliche chemische Elemente enth\u00e4lt, die K\u00f6rper und Geist verj\u00fcngen. Auf dem dritten Abschnitt der Halkidiki k\u00f6nnen M\u00e4nner den Berg Athos besuchen, der auch als Heiliger Berg bekannt ist und auf dem sich 20 orthodoxe Kl\u00f6ster befinden. Athos ist ein autonomes Gemeinwesen in der Griechischen Republik, das der direkten Jurisdiktion des Patriarchen von Konstantinopel untersteht und in dem Frauen nicht gestattet sind.<\/p>\n<p><strong>UNSER STANDORT<\/strong><\/p>\n<p>Das brandneue Seven Rocks Suites liegt inmitten einer \u00fcppigen Landschaft mit Blick auf die Berge und das Meer. Die atemberaubende Landschaft und die herzliche Gastfreundschaft der Region flie\u00dfen nahtlos in die Unterk\u00fcnfte ein. Erleben Sie Ihr eigenes St\u00fcck Paradies an einem malerischen Ort, begleitet von exklusivem Service und raffiniertem Komfort.<\/p>\n<p>Seven Rocks Suites befindet sich in Paliouri, im s\u00fcdlichen Teil von Kassandra. Es ist ein \u00e4u\u00dferst charmantes Dorf, das wie geschaffen ist, um die Zeit zu \u00fcberbr\u00fccken. Mit seinen engen, traditionsreichen Gassen, malerischen Pl\u00e4tzen und alten Geb\u00e4uden strahlt es eine romantische Atmosph\u00e4re aus. Umgeben von H\u00fcgeln und einem dichten Pinienwald ist das Dorf der perfekte Ausgangspunkt f\u00fcr die Erkundung der Region, w\u00e4hrend die unber\u00fchrten Str\u00e4nde in der N\u00e4he diesen Ort ideal f\u00fcr diejenigen machen, die einfach nur entspannen und abschalten m\u00f6chten. Ihr Urlaub hier wird mit Sicherheit ein friedlicher sein.<\/p>\n<p>In und um die Siedlung, z.B. in den D\u00f6rfern Pefkochori (ca. 8 km) und Kallithea (ca. 25 km), gibt es mehrere kleine Gesch\u00e4fte und M\u00e4rkte sowie Restaurants und lokale Tavernen, die k\u00f6stliche Gerichte mit frischem Fisch servieren. Genie\u00dfen Sie die unglaubliche Natur und das einladende Wasser mit Wassersportm\u00f6glichkeiten und Aktivit\u00e4ten, oder genie\u00dfen Sie einfach einen Cocktail und feiern Sie in den Strandbars vor Ort.<\/p>\n","protected":false},"excerpt":{"rendered":"<p>ABSEITS DER AUSGETRETENEN PFADE Kristallblaues Wasser, eine unber\u00fchrte K\u00fcste mit puderfeinem Sand, gesch\u00fctzte Buchten, malerische Siedlungen und imposante Berge pr\u00e4gen die Landschaft der Halkidiki. Mit ihrem kristallklaren blauen Wasser und dem weichen, feinen und wei\u00dfen Sand ist Halkidiki die bekannte&hellip;<\/p>\n","protected":false},"author":1,"featured_media":0,"parent":0,"menu_order":8,"comment_status":"closed","ping_status":"closed","template":"kobo\/location.php","meta":{"_acf_changed":false,"footnotes":""},"acf":[],"aioseo_notices":[],"_links":{"self":[{"href":"https:\/\/sevenrocks.gr\/de\/wp-json\/wp\/v2\/pages\/1939"}],"collection":[{"href":"https:\/\/sevenrocks.gr\/de\/wp-json\/wp\/v2\/pages"}],"about":[{"href":"https:\/\/sevenrocks.gr\/de\/wp-json\/wp\/v2\/types\/page"}],"author":[{"embeddable":true,"href":"https:\/\/sevenrocks.gr\/de\/wp-json\/wp\/v2\/users\/1"}],"replies":[{"embeddable":true,"href":"https:\/\/sevenrocks.gr\/de\/wp-json\/wp\/v2\/comments?post=1939"}],"version-history":[{"count":2,"href":"https:\/\/sevenrocks.gr\/de\/wp-json\/wp\/v2\/pages\/1939\/revisions"}],"predecessor-version":[{"id":2745,"href":"https:\/\/sevenrocks.gr\/de\/wp-json\/wp\/v2\/pages\/1939\/revisions\/2745"}],"wp:attachment":[{"href":"https:\/\/sevenrocks.gr\/de\/wp-json\/wp\/v2\/media?parent=1939"}],"curies":[{"name":"wp","href":"https:\/\/api.w.org\/{rel}","templated":true}]}}