{"id":1934,"date":"2020-06-26T10:45:17","date_gmt":"2020-06-26T08:45:17","guid":{"rendered":"https:\/\/sevenrocks.gr\/eat-drink\/"},"modified":"2024-01-30T09:37:18","modified_gmt":"2024-01-30T07:37:18","slug":"eat-drink","status":"publish","type":"page","link":"https:\/\/sevenrocks.gr\/de\/eat-drink\/","title":{"rendered":"DINIEREN"},"content":{"rendered":"<p><strong>Ein Restaurant &amp; eine Bar direkt am Strand<\/strong><\/p>\n<p>Seven Rocks Suites bietet seinen G\u00e4sten ein gehobenes kulinarisches Erlebnis in unserem Restaurant &amp; Bar direkt am Strand, nur 2,5 km entfernt und an einem wundersch\u00f6nen Ort gelegen. Das Navagos Restaurant liegt in Paliouri, nur wenige Minuten vom Hotel entfernt, und serviert an sieben Tagen in der Woche den ganzen Tag \u00fcber Speisen am Meer.<\/p>\n<p>Genie\u00dfen Sie die mediterrane K\u00fcche mit frischem Fisch und Meeresfr\u00fcchten aus der Region sowie Fleisch, das in der Rotisserie zubereitet wird. Die Gerichte werden mit lokalem Flair zubereitet, denn unser Team verwendet ausschlie\u00dflich saisonale, lokale Zutaten und Delikatessen, wenn m\u00f6glich aus biologischem Anbau, um Gerichte vom Bauernhof zu kreieren, die die Gemeinde von Halkidiki unterst\u00fctzen.<\/p>\n<p>F\u00fcr G\u00e4ste der Seven Rocks Suites stehen Sonnenschirme, Liegest\u00fchle und Strandt\u00fccher kostenlos zur Verf\u00fcgung.<\/p>\n","protected":false},"excerpt":{"rendered":"<p>Ein Restaurant &amp; eine Bar direkt am Strand Seven Rocks Suites bietet seinen G\u00e4sten ein gehobenes kulinarisches Erlebnis in unserem Restaurant &amp; Bar direkt am Strand, nur 2,5 km entfernt und an einem wundersch\u00f6nen Ort gelegen. Das Navagos Restaurant liegt&hellip;<\/p>\n","protected":false},"author":1,"featured_media":0,"parent":0,"menu_order":4,"comment_status":"closed","ping_status":"closed","template":"kobo\/dining.php","meta":{"_acf_changed":false,"footnotes":""},"acf":[],"aioseo_notices":[],"_links":{"self":[{"href":"https:\/\/sevenrocks.gr\/de\/wp-json\/wp\/v2\/pages\/1934"}],"collection":[{"href":"https:\/\/sevenrocks.gr\/de\/wp-json\/wp\/v2\/pages"}],"about":[{"href":"https:\/\/sevenrocks.gr\/de\/wp-json\/wp\/v2\/types\/page"}],"author":[{"embeddable":true,"href":"https:\/\/sevenrocks.gr\/de\/wp-json\/wp\/v2\/users\/1"}],"replies":[{"embeddable":true,"href":"https:\/\/sevenrocks.gr\/de\/wp-json\/wp\/v2\/comments?post=1934"}],"version-history":[{"count":2,"href":"https:\/\/sevenrocks.gr\/de\/wp-json\/wp\/v2\/pages\/1934\/revisions"}],"predecessor-version":[{"id":2740,"href":"https:\/\/sevenrocks.gr\/de\/wp-json\/wp\/v2\/pages\/1934\/revisions\/2740"}],"wp:attachment":[{"href":"https:\/\/sevenrocks.gr\/de\/wp-json\/wp\/v2\/media?parent=1934"}],"curies":[{"name":"wp","href":"https:\/\/api.w.org\/{rel}","templated":true}]}}