{"id":1931,"date":"2021-05-14T12:50:29","date_gmt":"2021-05-14T10:50:29","guid":{"rendered":"https:\/\/sevenrocks.gr\/about\/"},"modified":"2024-01-30T09:57:01","modified_gmt":"2024-01-30T07:57:01","slug":"about","status":"publish","type":"page","link":"https:\/\/sevenrocks.gr\/de\/about\/","title":{"rendered":"\u00dcBER UNS"},"content":{"rendered":"<p>Wenn Sie die sch\u00f6nsten Momente Ihres Lebens feiern und auf die n\u00e4chste Stufe heben m\u00f6chten, sollten Sie dies an einem Ort tun, an dem Luxus und Komfort in jedem Detail, jedem Raum und jedem Angebot vorhanden sind. Das Seven Rocks Suites zeichnet sich durch seine warme und herzliche Gastfreundschaft aus und ist ein brandneues, unpr\u00e4tenti\u00f6ses und entspannendes All-Suite-Hotel.<\/p>\n<p>In Paliouri Halkidki gelegen, ist alles an Seven Rocks darauf ausgerichtet, den G\u00e4sten ein H\u00f6chstma\u00df an Luxus und Sorglosigkeit zu bieten. F\u00fcr jeden Geschmack ist etwas dabei, egal ob Sie gesch\u00e4ftlich oder zum Vergn\u00fcgen, zur Entspannung oder zum Abenteuer kommen.<\/p>\n<p>Unsere einzigartigen Suiten, die mit nat\u00fcrlichen Materialien und ma\u00dfgefertigten M\u00f6beln ausgestattet sind, verbinden Einfachheit mit Komplexit\u00e4t. Lassen Sie sich von der Ruhe und dem Komfort unserer luxuri\u00f6sen Suiten umh\u00fcllen, die einen entspannten und intimen Rahmen f\u00fcr einen Familienurlaub bieten, sowie f\u00fcr Paare, die Privatsph\u00e4re und Romantik suchen. Seven Rocks wird Ihre Sinne verw\u00f6hnen und Sie werden sich sofort wie zu Hause f\u00fchlen.<\/p>\n<p>&nbsp;<\/p>\n","protected":false},"excerpt":{"rendered":"<p>Wenn Sie die sch\u00f6nsten Momente Ihres Lebens feiern und auf die n\u00e4chste Stufe heben m\u00f6chten, sollten Sie dies an einem Ort tun, an dem Luxus und Komfort in jedem Detail, jedem Raum und jedem Angebot vorhanden sind. Das Seven Rocks&hellip;<\/p>\n","protected":false},"author":1,"featured_media":0,"parent":0,"menu_order":2,"comment_status":"closed","ping_status":"closed","template":"kobo\/about.php","meta":{"_acf_changed":false,"footnotes":""},"acf":[],"aioseo_notices":[],"_links":{"self":[{"href":"https:\/\/sevenrocks.gr\/de\/wp-json\/wp\/v2\/pages\/1931"}],"collection":[{"href":"https:\/\/sevenrocks.gr\/de\/wp-json\/wp\/v2\/pages"}],"about":[{"href":"https:\/\/sevenrocks.gr\/de\/wp-json\/wp\/v2\/types\/page"}],"author":[{"embeddable":true,"href":"https:\/\/sevenrocks.gr\/de\/wp-json\/wp\/v2\/users\/1"}],"replies":[{"embeddable":true,"href":"https:\/\/sevenrocks.gr\/de\/wp-json\/wp\/v2\/comments?post=1931"}],"version-history":[{"count":3,"href":"https:\/\/sevenrocks.gr\/de\/wp-json\/wp\/v2\/pages\/1931\/revisions"}],"predecessor-version":[{"id":2753,"href":"https:\/\/sevenrocks.gr\/de\/wp-json\/wp\/v2\/pages\/1931\/revisions\/2753"}],"wp:attachment":[{"href":"https:\/\/sevenrocks.gr\/de\/wp-json\/wp\/v2\/media?parent=1931"}],"curies":[{"name":"wp","href":"https:\/\/api.w.org\/{rel}","templated":true}]}}